{"id":425,"date":"2018-12-19T14:43:18","date_gmt":"2018-12-19T11:43:18","guid":{"rendered":"https:\/\/khaledbarbershop.ee\/avaleht-2\/"},"modified":"2026-02-09T14:02:47","modified_gmt":"2026-02-09T11:02:47","slug":"avaleht","status":"publish","type":"page","link":"https:\/\/khaledbarbershop.ee\/ru\/","title":{"rendered":"\u0413\u043b\u0430\u0432\u043d\u0430\u044f \u0441\u0442\u0440\u0430\u043d\u0438\u0446\u0430"},"content":{"rendered":"","protected":false},"excerpt":{"rendered":"","protected":false},"author":2,"featured_media":0,"parent":0,"menu_order":0,"comment_status":"closed","ping_status":"closed","template":"","meta":{"_acf_changed":false,"footnotes":""},"acf":[],"yoast_head":"<!-- This site is optimized with the Yoast SEO plugin v22.9 - https:\/\/yoast.com\/wordpress\/plugins\/seo\/ -->\n<title>\u0413\u043b\u0430\u0432\u043d\u0430\u044f \u0441\u0442\u0440\u0430\u043d\u0438\u0446\u0430 &#8211; Khaled Barbershop<\/title>\n<meta name=\"description\" content=\"Khaled Barbershop Tartus pakub meestele ja poistele luksuslikku barbershop&#039;i teenindust ja elamust. T\u00f5eline barbershop on mehelik, privaatne ja traditsioonidest lugupidav. Soovid klassikalist v\u00f5i modernset juuksel\u00f5ikust \u2013 meie barberid ootavad sind! Lisaks tehakse soovi korral korda ka sinu habe ja kulmud. Habemeajamine toimub parimate traditsioonide kohaselt ja kulmud korrigeeritakse niiditamise meetodil.Kui sa ei tea, millised teenused on just sinule sobilikud, siis v\u00f5id kindel olla, et saad meilt alati asjatundlikku n\u00f5u ning soovitusi.\" \/>\n<meta name=\"robots\" content=\"index, follow, max-snippet:-1, max-image-preview:large, max-video-preview:-1\" \/>\n<link rel=\"canonical\" href=\"https:\/\/khaledbarbershop.ee\/ru\/\" \/>\n<meta property=\"og:locale\" content=\"ru_RU\" \/>\n<meta property=\"og:type\" content=\"article\" \/>\n<meta property=\"og:title\" content=\"\u0413\u043b\u0430\u0432\u043d\u0430\u044f \u0441\u0442\u0440\u0430\u043d\u0438\u0446\u0430 &#8211; Khaled Barbershop\" \/>\n<meta property=\"og:description\" content=\"Khaled Barbershop Tartus pakub meestele ja poistele luksuslikku barbershop&#039;i teenindust ja elamust. T\u00f5eline barbershop on mehelik, privaatne ja traditsioonidest lugupidav. Soovid klassikalist v\u00f5i modernset juuksel\u00f5ikust \u2013 meie barberid ootavad sind! Lisaks tehakse soovi korral korda ka sinu habe ja kulmud. Habemeajamine toimub parimate traditsioonide kohaselt ja kulmud korrigeeritakse niiditamise meetodil.Kui sa ei tea, millised teenused on just sinule sobilikud, siis v\u00f5id kindel olla, et saad meilt alati asjatundlikku n\u00f5u ning soovitusi.\" \/>\n<meta property=\"og:url\" content=\"https:\/\/khaledbarbershop.ee\/ru\/\" \/>\n<meta property=\"og:site_name\" content=\"Khaled Barbershop\" \/>\n<meta property=\"article:publisher\" content=\"https:\/\/www.facebook.com\/BarbershopKhaled\/\" \/>\n<meta property=\"article:modified_time\" content=\"2026-02-09T11:02:47+00:00\" \/>\n<meta name=\"twitter:card\" content=\"summary_large_image\" \/>\n<script type=\"application\/ld+json\" class=\"yoast-schema-graph\">{\"@context\":\"https:\/\/schema.org\",\"@graph\":[{\"@type\":\"WebPage\",\"@id\":\"https:\/\/khaledbarbershop.ee\/ru\/\",\"url\":\"https:\/\/khaledbarbershop.ee\/ru\/\",\"name\":\"\u0413\u043b\u0430\u0432\u043d\u0430\u044f \u0441\u0442\u0440\u0430\u043d\u0438\u0446\u0430 &#8211; Khaled Barbershop\",\"isPartOf\":{\"@id\":\"https:\/\/khaledbarbershop.ee\/ru\/#website\"},\"datePublished\":\"2018-12-19T11:43:18+00:00\",\"dateModified\":\"2026-02-09T11:02:47+00:00\",\"description\":\"Khaled Barbershop Tartus pakub meestele ja poistele luksuslikku barbershop'i teenindust ja elamust. T\u00f5eline barbershop on mehelik, privaatne ja traditsioonidest lugupidav. Soovid klassikalist v\u00f5i modernset juuksel\u00f5ikust \u2013 meie barberid ootavad sind! Lisaks tehakse soovi korral korda ka sinu habe ja kulmud. Habemeajamine toimub parimate traditsioonide kohaselt ja kulmud korrigeeritakse niiditamise meetodil.Kui sa ei tea, millised teenused on just sinule sobilikud, siis v\u00f5id kindel olla, et saad meilt alati asjatundlikku n\u00f5u ning soovitusi.\",\"breadcrumb\":{\"@id\":\"https:\/\/khaledbarbershop.ee\/ru\/#breadcrumb\"},\"inLanguage\":\"ru-RU\",\"potentialAction\":[{\"@type\":\"ReadAction\",\"target\":[\"https:\/\/khaledbarbershop.ee\/ru\/\"]}]},{\"@type\":\"BreadcrumbList\",\"@id\":\"https:\/\/khaledbarbershop.ee\/ru\/#breadcrumb\",\"itemListElement\":[{\"@type\":\"ListItem\",\"position\":1,\"name\":\"Home\",\"item\":\"https:\/\/khaledbarbershop.ee\/ru\/\"},{\"@type\":\"ListItem\",\"position\":2,\"name\":\"\u0413\u043b\u0430\u0432\u043d\u0430\u044f \u0441\u0442\u0440\u0430\u043d\u0438\u0446\u0430\"}]},{\"@type\":\"WebSite\",\"@id\":\"https:\/\/khaledbarbershop.ee\/ru\/#website\",\"url\":\"https:\/\/khaledbarbershop.ee\/ru\/\",\"name\":\"Khaled Barbershop\",\"description\":\"NR #1 Barbershop in Estonia\",\"publisher\":{\"@id\":\"https:\/\/khaledbarbershop.ee\/ru\/#organization\"},\"potentialAction\":[{\"@type\":\"SearchAction\",\"target\":{\"@type\":\"EntryPoint\",\"urlTemplate\":\"https:\/\/khaledbarbershop.ee\/ru\/?s={search_term_string}\"},\"query-input\":\"required name=search_term_string\"}],\"inLanguage\":\"ru-RU\"},{\"@type\":\"Organization\",\"@id\":\"https:\/\/khaledbarbershop.ee\/ru\/#organization\",\"name\":\"Khaled Barbershop\",\"url\":\"https:\/\/khaledbarbershop.ee\/ru\/\",\"logo\":{\"@type\":\"ImageObject\",\"inLanguage\":\"ru-RU\",\"@id\":\"https:\/\/khaledbarbershop.ee\/ru\/#\/schema\/logo\/image\/\",\"url\":\"https:\/\/khaledbarbershop.ee\/wp-content\/uploads\/2018\/11\/Khaled-Barbershop-Logo-2018-01.png\",\"contentUrl\":\"https:\/\/khaledbarbershop.ee\/wp-content\/uploads\/2018\/11\/Khaled-Barbershop-Logo-2018-01.png\",\"width\":1864,\"height\":1552,\"caption\":\"Khaled Barbershop\"},\"image\":{\"@id\":\"https:\/\/khaledbarbershop.ee\/ru\/#\/schema\/logo\/image\/\"},\"sameAs\":[\"https:\/\/www.facebook.com\/BarbershopKhaled\/\"]}]}<\/script>\n<!-- \/ Yoast SEO plugin. -->","yoast_head_json":{"title":"\u0413\u043b\u0430\u0432\u043d\u0430\u044f \u0441\u0442\u0440\u0430\u043d\u0438\u0446\u0430 &#8211; Khaled Barbershop","description":"Khaled Barbershop Tartus pakub meestele ja poistele luksuslikku barbershop'i teenindust ja elamust. T\u00f5eline barbershop on mehelik, privaatne ja traditsioonidest lugupidav. Soovid klassikalist v\u00f5i modernset juuksel\u00f5ikust \u2013 meie barberid ootavad sind! Lisaks tehakse soovi korral korda ka sinu habe ja kulmud. Habemeajamine toimub parimate traditsioonide kohaselt ja kulmud korrigeeritakse niiditamise meetodil.Kui sa ei tea, millised teenused on just sinule sobilikud, siis v\u00f5id kindel olla, et saad meilt alati asjatundlikku n\u00f5u ning soovitusi.","robots":{"index":"index","follow":"follow","max-snippet":"max-snippet:-1","max-image-preview":"max-image-preview:large","max-video-preview":"max-video-preview:-1"},"canonical":"https:\/\/khaledbarbershop.ee\/ru\/","og_locale":"ru_RU","og_type":"article","og_title":"\u0413\u043b\u0430\u0432\u043d\u0430\u044f \u0441\u0442\u0440\u0430\u043d\u0438\u0446\u0430 &#8211; Khaled Barbershop","og_description":"Khaled Barbershop Tartus pakub meestele ja poistele luksuslikku barbershop'i teenindust ja elamust. T\u00f5eline barbershop on mehelik, privaatne ja traditsioonidest lugupidav. Soovid klassikalist v\u00f5i modernset juuksel\u00f5ikust \u2013 meie barberid ootavad sind! Lisaks tehakse soovi korral korda ka sinu habe ja kulmud. Habemeajamine toimub parimate traditsioonide kohaselt ja kulmud korrigeeritakse niiditamise meetodil.Kui sa ei tea, millised teenused on just sinule sobilikud, siis v\u00f5id kindel olla, et saad meilt alati asjatundlikku n\u00f5u ning soovitusi.","og_url":"https:\/\/khaledbarbershop.ee\/ru\/","og_site_name":"Khaled Barbershop","article_publisher":"https:\/\/www.facebook.com\/BarbershopKhaled\/","article_modified_time":"2026-02-09T11:02:47+00:00","twitter_card":"summary_large_image","schema":{"@context":"https:\/\/schema.org","@graph":[{"@type":"WebPage","@id":"https:\/\/khaledbarbershop.ee\/ru\/","url":"https:\/\/khaledbarbershop.ee\/ru\/","name":"\u0413\u043b\u0430\u0432\u043d\u0430\u044f \u0441\u0442\u0440\u0430\u043d\u0438\u0446\u0430 &#8211; Khaled Barbershop","isPartOf":{"@id":"https:\/\/khaledbarbershop.ee\/ru\/#website"},"datePublished":"2018-12-19T11:43:18+00:00","dateModified":"2026-02-09T11:02:47+00:00","description":"Khaled Barbershop Tartus pakub meestele ja poistele luksuslikku barbershop'i teenindust ja elamust. T\u00f5eline barbershop on mehelik, privaatne ja traditsioonidest lugupidav. Soovid klassikalist v\u00f5i modernset juuksel\u00f5ikust \u2013 meie barberid ootavad sind! Lisaks tehakse soovi korral korda ka sinu habe ja kulmud. Habemeajamine toimub parimate traditsioonide kohaselt ja kulmud korrigeeritakse niiditamise meetodil.Kui sa ei tea, millised teenused on just sinule sobilikud, siis v\u00f5id kindel olla, et saad meilt alati asjatundlikku n\u00f5u ning soovitusi.","breadcrumb":{"@id":"https:\/\/khaledbarbershop.ee\/ru\/#breadcrumb"},"inLanguage":"ru-RU","potentialAction":[{"@type":"ReadAction","target":["https:\/\/khaledbarbershop.ee\/ru\/"]}]},{"@type":"BreadcrumbList","@id":"https:\/\/khaledbarbershop.ee\/ru\/#breadcrumb","itemListElement":[{"@type":"ListItem","position":1,"name":"Home","item":"https:\/\/khaledbarbershop.ee\/ru\/"},{"@type":"ListItem","position":2,"name":"\u0413\u043b\u0430\u0432\u043d\u0430\u044f \u0441\u0442\u0440\u0430\u043d\u0438\u0446\u0430"}]},{"@type":"WebSite","@id":"https:\/\/khaledbarbershop.ee\/ru\/#website","url":"https:\/\/khaledbarbershop.ee\/ru\/","name":"Khaled Barbershop","description":"NR #1 Barbershop in Estonia","publisher":{"@id":"https:\/\/khaledbarbershop.ee\/ru\/#organization"},"potentialAction":[{"@type":"SearchAction","target":{"@type":"EntryPoint","urlTemplate":"https:\/\/khaledbarbershop.ee\/ru\/?s={search_term_string}"},"query-input":"required name=search_term_string"}],"inLanguage":"ru-RU"},{"@type":"Organization","@id":"https:\/\/khaledbarbershop.ee\/ru\/#organization","name":"Khaled Barbershop","url":"https:\/\/khaledbarbershop.ee\/ru\/","logo":{"@type":"ImageObject","inLanguage":"ru-RU","@id":"https:\/\/khaledbarbershop.ee\/ru\/#\/schema\/logo\/image\/","url":"https:\/\/khaledbarbershop.ee\/wp-content\/uploads\/2018\/11\/Khaled-Barbershop-Logo-2018-01.png","contentUrl":"https:\/\/khaledbarbershop.ee\/wp-content\/uploads\/2018\/11\/Khaled-Barbershop-Logo-2018-01.png","width":1864,"height":1552,"caption":"Khaled Barbershop"},"image":{"@id":"https:\/\/khaledbarbershop.ee\/ru\/#\/schema\/logo\/image\/"},"sameAs":["https:\/\/www.facebook.com\/BarbershopKhaled\/"]}]}},"_links":{"self":[{"href":"https:\/\/khaledbarbershop.ee\/ru\/wp-json\/wp\/v2\/pages\/425"}],"collection":[{"href":"https:\/\/khaledbarbershop.ee\/ru\/wp-json\/wp\/v2\/pages"}],"about":[{"href":"https:\/\/khaledbarbershop.ee\/ru\/wp-json\/wp\/v2\/types\/page"}],"author":[{"embeddable":true,"href":"https:\/\/khaledbarbershop.ee\/ru\/wp-json\/wp\/v2\/users\/2"}],"replies":[{"embeddable":true,"href":"https:\/\/khaledbarbershop.ee\/ru\/wp-json\/wp\/v2\/comments?post=425"}],"version-history":[{"count":1,"href":"https:\/\/khaledbarbershop.ee\/ru\/wp-json\/wp\/v2\/pages\/425\/revisions"}],"predecessor-version":[{"id":438,"href":"https:\/\/khaledbarbershop.ee\/ru\/wp-json\/wp\/v2\/pages\/425\/revisions\/438"}],"wp:attachment":[{"href":"https:\/\/khaledbarbershop.ee\/ru\/wp-json\/wp\/v2\/media?parent=425"}],"curies":[{"name":"wp","href":"https:\/\/api.w.org\/{rel}","templated":true}]}}